{"id":1419,"date":"2025-03-06T19:00:03","date_gmt":"2025-03-06T18:00:03","guid":{"rendered":"https:\/\/chefcocktail.com\/?page_id=1419"},"modified":"2025-03-11T14:56:27","modified_gmt":"2025-03-11T13:56:27","slug":"pieces-cocktail","status":"publish","type":"page","link":"https:\/\/chefcocktail.com\/en\/pieces-cocktail\/","title":{"rendered":"Pieces cocktail"},"content":{"rendered":"<style>.elementor-1419 .elementor-element.elementor-element-5cff70b{--display:flex;--flex-direction:column;--container-widget-width:100%;--container-widget-height:initial;--container-widget-flex-grow:0;--container-widget-align-self:initial;--flex-wrap-mobile:wrap;}.elementor-1419 .elementor-element.elementor-element-669aa02{--spacer-size:50px;}.elementor-1419 .elementor-element.elementor-element-5de8701{text-align:center;}.elementor-1419 .elementor-element.elementor-element-626a981{--divider-border-style:solid;--divider-color:#000;--divider-border-width:1px;}.elementor-1419 .elementor-element.elementor-element-626a981 .elementor-divider-separator{width:100%;}.elementor-1419 .elementor-element.elementor-element-626a981 .elementor-divider{padding-block-start:15px;padding-block-end:15px;}.elementor-1419 .elementor-element.elementor-element-ef85d6c{--display:flex;--flex-direction:row;--container-widget-width:initial;--container-widget-height:100%;--container-widget-flex-grow:1;--container-widget-align-self:stretch;--flex-wrap-mobile:wrap;--gap:0px 0px;--row-gap:0px;--column-gap:0px;}.elementor-1419 .elementor-element.elementor-element-889de8c{--display:flex;--flex-direction:column;--container-widget-width:100%;--container-widget-height:initial;--container-widget-flex-grow:0;--container-widget-align-self:initial;--flex-wrap-mobile:wrap;}.elementor-1419 .elementor-element.elementor-element-b92f90e .jeg-elementor-kit.jkit-button{text-align:left;}.elementor-1419 .elementor-element.elementor-element-b92f90e .jeg-elementor-kit.jkit-button .jkit-button-wrapper{width:52%;padding:18px 40px 18px 40px;font-family:var( --e-global-typography-accent-font-family ), Sans-serif;font-size:var( --e-global-typography-accent-font-size );font-weight:var( --e-global-typography-accent-font-weight );text-transform:var( --e-global-typography-accent-text-transform );color:var( --e-global-color-c02b23e );background-color:var( --e-global-color-accent );border-style:solid;border-width:1px 1px 1px 1px;border-color:#D3752B;border-radius:0px 0px 0px 0px;}.elementor-1419 .elementor-element.elementor-element-b92f90e .jeg-elementor-kit.jkit-button .jkit-button-wrapper svg{fill:var( --e-global-color-c02b23e );}.elementor-1419 .elementor-element.elementor-element-b92f90e .jeg-elementor-kit.jkit-button .jkit-button-wrapper, .elementor-1419 .elementor-element.elementor-element-b92f90e .jeg-elementor-kit.jkit-button .jkit-button-wrapper i{transition-duration:0.4s;}.elementor-1419 .elementor-element.elementor-element-b92f90e .jeg-elementor-kit.jkit-button .jkit-button-wrapper:hover{color:var( --e-global-color-c02b23e );}.elementor-1419 .elementor-element.elementor-element-b92f90e .jeg-elementor-kit.jkit-button .jkit-button-wrapper:hover svg{fill:var( --e-global-color-c02b23e );}.elementor-1419 .elementor-element.elementor-element-b92f90e .jeg-elementor-kit.jkit-button .jkit-button-wrapper:not(.hover-gradient):hover, .elementor-1419 .elementor-element.elementor-element-b92f90e .jeg-elementor-kit.jkit-button .jkit-button-wrapper.hover-gradient:before{background-color:transparent;background-image:linear-gradient(180deg, #E17F32 100%, #D3752B 0%);}.elementor-1419 .elementor-element.elementor-element-b92f90e .jeg-elementor-kit.jkit-button.icon-position-before .jkit-button-wrapper i, .elementor-1419 .elementor-element.elementor-element-b92f90e .jeg-elementor-kit.jkit-button.icon-position-before .jkit-button-wrapper svg{margin-right:5px;}.elementor-1419 .elementor-element.elementor-element-b92f90e .jeg-elementor-kit.jkit-button.icon-position-after .jkit-button-wrapper i, .elementor-1419 .elementor-element.elementor-element-b92f90e .jeg-elementor-kit.jkit-button.icon-position-after .jkit-button-wrapper svg{margin-left:5px;}.elementor-1419 .elementor-element.elementor-element-b92f90e > .elementor-widget-container{margin:20px 0px 0px 0px;}.elementor-1419 .elementor-element.elementor-element-0364c4c{--display:flex;--flex-direction:column;--container-widget-width:100%;--container-widget-height:initial;--container-widget-flex-grow:0;--container-widget-align-self:initial;--flex-wrap-mobile:wrap;}.elementor-1419 .elementor-element.elementor-element-4fb2145{text-align:start;}.elementor-1419 .elementor-element.elementor-element-4fb2145 img{width:66%;}.elementor-1419 .elementor-element.elementor-element-4fb2145 > .elementor-widget-container{margin:0px 0px 0px 0px;}.elementor-1419 .elementor-element.elementor-element-ac98d22{--display:flex;--flex-direction:column;--container-widget-width:100%;--container-widget-height:initial;--container-widget-flex-grow:0;--container-widget-align-self:initial;--flex-wrap-mobile:wrap;}.elementor-1419 .elementor-element.elementor-element-4d8adbf{--spacer-size:100px;}:root{--page-title-display:none;}@media(min-width:768px){.elementor-1419 .elementor-element.elementor-element-889de8c{--width:50%;}.elementor-1419 .elementor-element.elementor-element-0364c4c{--width:50%;}}@media(max-width:1024px){.elementor-1419 .elementor-element.elementor-element-b92f90e .jeg-elementor-kit.jkit-button .jkit-button-wrapper{font-size:var( --e-global-typography-accent-font-size );}}@media(max-width:767px){.elementor-1419 .elementor-element.elementor-element-b92f90e .jeg-elementor-kit.jkit-button .jkit-button-wrapper{font-size:var( --e-global-typography-accent-font-size );}}<\/style>\t\t<div data-elementor-type=\"wp-page\" data-elementor-id=\"1419\" class=\"elementor elementor-1419\" data-elementor-post-type=\"page\">\n\t\t\t\t<div class=\"elementor-element elementor-element-5cff70b e-flex e-con-boxed e-con e-parent\" data-id=\"5cff70b\" data-element_type=\"container\" data-e-type=\"container\">\n\t\t\t\t\t<div class=\"e-con-inner\">\n\t\t\t\t<div class=\"elementor-element elementor-element-669aa02 elementor-widget elementor-widget-spacer\" data-id=\"669aa02\" data-element_type=\"widget\" data-e-type=\"widget\" data-widget_type=\"spacer.default\">\n\t\t\t\t<div class=\"elementor-widget-container\">\n\t\t\t\t\t\t\t<div class=\"elementor-spacer\">\n\t\t\t<div class=\"elementor-spacer-inner\"><\/div>\n\t\t<\/div>\n\t\t\t\t\t\t<\/div>\n\t\t\t\t<\/div>\n\t\t\t\t<div class=\"elementor-element elementor-element-5de8701 elementor-widget elementor-widget-heading\" data-id=\"5de8701\" data-element_type=\"widget\" data-e-type=\"widget\" data-widget_type=\"heading.default\">\n\t\t\t\t<div class=\"elementor-widget-container\">\n\t\t\t\t\t<h2 class=\"elementor-heading-title elementor-size-default\">Choix pi\u00e8ces cocktail<\/h2>\t\t\t\t<\/div>\n\t\t\t\t<\/div>\n\t\t\t\t<div class=\"elementor-element elementor-element-626a981 elementor-widget-divider--view-line elementor-widget elementor-widget-divider\" data-id=\"626a981\" data-element_type=\"widget\" data-e-type=\"widget\" data-widget_type=\"divider.default\">\n\t\t\t\t<div class=\"elementor-widget-container\">\n\t\t\t\t\t\t\t<div class=\"elementor-divider\">\n\t\t\t<span class=\"elementor-divider-separator\">\n\t\t\t\t\t\t<\/span>\n\t\t<\/div>\n\t\t\t\t\t\t<\/div>\n\t\t\t\t<\/div>\n\t\t\t\t\t<\/div>\n\t\t\t\t<\/div>\n\t\t<div class=\"elementor-element elementor-element-ef85d6c e-flex e-con-boxed e-con e-parent\" data-id=\"ef85d6c\" data-element_type=\"container\" data-e-type=\"container\">\n\t\t\t\t\t<div class=\"e-con-inner\">\n\t\t<div class=\"elementor-element elementor-element-889de8c e-con-full e-flex e-con e-child\" data-id=\"889de8c\" data-element_type=\"container\" data-e-type=\"container\">\n\t\t\t\t<div class=\"elementor-element elementor-element-b2ce93e elementor-widget elementor-widget-heading\" data-id=\"b2ce93e\" data-element_type=\"widget\" data-e-type=\"widget\" data-widget_type=\"heading.default\">\n\t\t\t\t<div class=\"elementor-widget-container\">\n\t\t\t\t\t<h2 class=\"elementor-heading-title elementor-size-default\">C\u00f4t\u00e9 sal\u00e9<\/h2>\t\t\t\t<\/div>\n\t\t\t\t<\/div>\n\t\t\t\t<div class=\"elementor-element elementor-element-3de9659 elementor-widget elementor-widget-text-editor\" data-id=\"3de9659\" data-element_type=\"widget\" data-e-type=\"widget\" data-widget_type=\"text-editor.default\">\n\t\t\t\t<div class=\"elementor-widget-container\">\n\t\t\t\t\t\t\t\t\t<ul><li>Bonbon de saumon au fromage frais et herbes fraiche<\/li><li>Tortillas de hareng fum\u00e9, l\u00e9gumes croquant<\/li><li><div dir=\"auto\">Mini burger maison au comt\u00e9 et moutarde \u00e0 l&rsquo;ancienne<\/div><\/li><li><div dir=\"auto\">Sabl\u00e9 parmesan, quenelle de tapenade<\/div><\/li><li><div dir=\"auto\">Pissaladi\u00e8re<\/div><\/li><li><div dir=\"auto\">Toast ni\u00e7ois<\/div><\/li><li><div dir=\"auto\">Cr\u00e9meux au ch\u00e8vre, crumble au thym frais<\/div><\/li><li><div dir=\"auto\">Mille feuille de foie gras au pain d&rsquo;\u00e9pices<\/div><\/li><li><div dir=\"auto\">Wrap de thon et l\u00e9gumes asiatique<\/div><\/li><li><div dir=\"auto\">Brandade de cabillaud, coulis de poivrons doux<\/div><\/li><li><div dir=\"auto\">Ailetons de volaille glac\u00e9s au miel et coriandre<\/div><\/li><li><div dir=\"auto\">Croque monsieur \u00e0 la truffes<\/div><\/li><li><div dir=\"auto\">Mini quiche lorraine<\/div><\/li><li><div dir=\"auto\">Saumon fum\u00e9 ou l\u00e9gumes<\/div><\/li><li><div dir=\"auto\">Focaccia italienne au jambon cru, roquette et mozzarelle buffalo<\/div><\/li><li><div dir=\"auto\">Macarons saumon fum\u00e9<\/div><\/li><li><div dir=\"auto\">Mini club sandwich<\/div><\/li><li><div dir=\"auto\">Farcis ni\u00e7ois<\/div><\/li><li><div dir=\"auto\">Mini pizza<\/div><div dir=\"auto\">\u00a0<\/div><\/li><\/ul>\t\t\t\t\t\t\t\t<\/div>\n\t\t\t\t<\/div>\n\t\t\t\t<div class=\"elementor-element elementor-element-c3fd92d elementor-widget elementor-widget-text-editor\" data-id=\"c3fd92d\" data-element_type=\"widget\" data-e-type=\"widget\" data-widget_type=\"text-editor.default\">\n\t\t\t\t<div class=\"elementor-widget-container\">\n\t\t\t\t\t\t\t\t\t<p>Autre choix sur demande<\/p>\t\t\t\t\t\t\t\t<\/div>\n\t\t\t\t<\/div>\n\t\t\t\t<div class=\"elementor-element elementor-element-b92f90e elementor-widget elementor-widget-jkit_button\" data-id=\"b92f90e\" data-element_type=\"widget\" data-e-type=\"widget\" data-widget_type=\"jkit_button.default\">\n\t\t\t\t<div class=\"elementor-widget-container\">\n\t\t\t\t\t<div  class=\"jeg-elementor-kit jkit-button  icon-position-before jeg_module___69d75bd32d11f\" ><a href=\"https:\/\/chefcocktail.com\/en\/contact\/\" class=\"jkit-button-wrapper hover-gradient\" target=\"_blank\"><span>commander<\/span><\/a><\/div>\t\t\t\t<\/div>\n\t\t\t\t<\/div>\n\t\t\t\t<\/div>\n\t\t<div class=\"elementor-element elementor-element-0364c4c e-con-full e-flex e-con e-child\" data-id=\"0364c4c\" data-element_type=\"container\" data-e-type=\"container\">\n\t\t\t\t<div class=\"elementor-element elementor-element-7d199c6 elementor-widget elementor-widget-heading\" data-id=\"7d199c6\" data-element_type=\"widget\" data-e-type=\"widget\" data-widget_type=\"heading.default\">\n\t\t\t\t<div class=\"elementor-widget-container\">\n\t\t\t\t\t<h2 class=\"elementor-heading-title elementor-size-default\">C\u00f4t\u00e9 sucr\u00e9<\/h2>\t\t\t\t<\/div>\n\t\t\t\t<\/div>\n\t\t\t\t<div class=\"elementor-element elementor-element-2c7d353 elementor-widget elementor-widget-text-editor\" data-id=\"2c7d353\" data-element_type=\"widget\" data-e-type=\"widget\" data-widget_type=\"text-editor.default\">\n\t\t\t\t<div class=\"elementor-widget-container\">\n\t\t\t\t\t\t\t\t\t<ul><li><div dir=\"auto\">Cr\u00e9meux citron, meringue et crumble au thym frais<\/div><\/li><li><div dir=\"auto\">Mousse aux trois chocolats<\/div><\/li><li><div dir=\"auto\">Carott cake<\/div><\/li><li><div dir=\"auto\">Pain perdu aux fruits<\/div><\/li><li><div dir=\"auto\">Palet breton chocolat framboise<\/div><\/li><li><div dir=\"auto\">Moelleux au chocolat gianduja<\/div><\/li><li><div dir=\"auto\">Mini macarons maison<\/div><\/li><li><div dir=\"auto\">Tiramisu fruits rouges et speculos<\/div><\/li><li><div dir=\"auto\">Tarte tatin<\/div><\/li><li><div dir=\"auto\">Panna cotta fruits rouges ou caramel beurre sal\u00e9<\/div><\/li><li><div dir=\"auto\">Mini tartes<\/div><\/li><li><div dir=\"auto\">Cannel\u00e9s\u00a0<\/div><\/li><\/ul>\t\t\t\t\t\t\t\t<\/div>\n\t\t\t\t<\/div>\n\t\t\t\t<div class=\"elementor-element elementor-element-d0cc7c0 elementor-widget elementor-widget-text-editor\" data-id=\"d0cc7c0\" data-element_type=\"widget\" data-e-type=\"widget\" data-widget_type=\"text-editor.default\">\n\t\t\t\t<div class=\"elementor-widget-container\">\n\t\t\t\t\t\t\t\t\t<p>Autre choix sur demande<\/p>\t\t\t\t\t\t\t\t<\/div>\n\t\t\t\t<\/div>\n\t\t\t\t<div class=\"elementor-element elementor-element-4fb2145 elementor-invisible elementor-widget elementor-widget-image\" data-id=\"4fb2145\" data-element_type=\"widget\" data-e-type=\"widget\" data-settings=\"{&quot;_animation&quot;:&quot;slideInRight&quot;}\" data-widget_type=\"image.default\">\n\t\t\t\t<div class=\"elementor-widget-container\">\n\t\t\t\t\t\t\t\t\t\t\t\t\t\t\t<img fetchpriority=\"high\" width=\"720\" height=\"480\"  class=\"attachment-large size-large wp-image-992 lws-optimize-lazyload\" alt=\"galerie-traiteur\" srcset=\"https:\/\/chefcocktail.com\/wp-content\/uploads\/2025\/02\/galerie-traiteur-f.jpg 720w, https:\/\/chefcocktail.com\/wp-content\/uploads\/2025\/02\/galerie-traiteur-f-300x200.jpg 300w\" sizes=\"(max-width: 720px) 100vw, 720px\" >\t\t\t\t\t\t\t\t\t\t\t\t\t\t\t<\/div>\n\t\t\t\t<\/div>\n\t\t\t\t<\/div>\n\t\t\t\t\t<\/div>\n\t\t\t\t<\/div>\n\t\t<div class=\"elementor-element elementor-element-ac98d22 e-flex e-con-boxed e-con e-parent\" data-id=\"ac98d22\" data-element_type=\"container\" data-e-type=\"container\">\n\t\t\t\t\t<div class=\"e-con-inner\">\n\t\t\t\t<div class=\"elementor-element elementor-element-4d8adbf elementor-widget elementor-widget-spacer\" data-id=\"4d8adbf\" data-element_type=\"widget\" data-e-type=\"widget\" data-widget_type=\"spacer.default\">\n\t\t\t\t<div class=\"elementor-widget-container\">\n\t\t\t\t\t\t\t<div class=\"elementor-spacer\">\n\t\t\t<div class=\"elementor-spacer-inner\"><\/div>\n\t\t<\/div>\n\t\t\t\t\t\t<\/div>\n\t\t\t\t<\/div>\n\t\t\t\t\t<\/div>\n\t\t\t\t<\/div>\n\t\t\t\t<\/div>","protected":false},"excerpt":{"rendered":"<p>Choix pi\u00e8ces cocktail C\u00f4t\u00e9 sal\u00e9 Bonbon de saumon au fromage frais et herbes fraiche Tortillas de hareng fum\u00e9, l\u00e9gumes croquant Mini burger maison au comt\u00e9 et moutarde \u00e0 l&rsquo;ancienne Sabl\u00e9 parmesan, quenelle de tapenade Pissaladi\u00e8re Toast ni\u00e7ois Cr\u00e9meux au ch\u00e8vre, crumble au thym frais Mille feuille de foie gras au pain d&rsquo;\u00e9pices Wrap de thon [&hellip;]<\/p>\n","protected":false},"author":1,"featured_media":0,"parent":0,"menu_order":0,"comment_status":"closed","ping_status":"closed","template":"","meta":{"footnotes":""},"class_list":["post-1419","page","type-page","status-publish","hentry"],"yoast_head":"<!-- This site is optimized with the Yoast SEO plugin v27.3 - https:\/\/yoast.com\/product\/yoast-seo-wordpress\/ -->\n<title>Pieces cocktail - Chefcocktail<\/title>\n<meta name=\"robots\" content=\"index, follow, max-snippet:-1, max-image-preview:large, max-video-preview:-1\" \/>\n<link rel=\"canonical\" href=\"https:\/\/chefcocktail.com\/en\/pieces-cocktail\/\" \/>\n<meta property=\"og:locale\" content=\"en_GB\" \/>\n<meta property=\"og:type\" content=\"article\" \/>\n<meta property=\"og:title\" content=\"Pieces cocktail - Chefcocktail\" \/>\n<meta property=\"og:description\" content=\"Choix pi\u00e8ces cocktail C\u00f4t\u00e9 sal\u00e9 Bonbon de saumon au fromage frais et herbes fraiche Tortillas de hareng fum\u00e9, l\u00e9gumes croquant Mini burger maison au comt\u00e9 et moutarde \u00e0 l&rsquo;ancienne Sabl\u00e9 parmesan, quenelle de tapenade Pissaladi\u00e8re Toast ni\u00e7ois Cr\u00e9meux au ch\u00e8vre, crumble au thym frais Mille feuille de foie gras au pain d&rsquo;\u00e9pices Wrap de thon [&hellip;]\" \/>\n<meta property=\"og:url\" content=\"https:\/\/chefcocktail.com\/en\/pieces-cocktail\/\" \/>\n<meta property=\"og:site_name\" content=\"Chefcocktail\" \/>\n<meta property=\"article:publisher\" content=\"https:\/\/www.facebook.com\/chefcocktail06\" \/>\n<meta property=\"article:modified_time\" content=\"2025-03-11T13:56:27+00:00\" \/>\n<meta property=\"og:image\" content=\"https:\/\/chefcocktail.com\/wp-content\/uploads\/2025\/02\/galerie-traiteur-f.jpg\" \/>\n<meta name=\"twitter:card\" content=\"summary_large_image\" \/>\n<meta name=\"twitter:label1\" content=\"Estimated reading time\" \/>\n\t<meta name=\"twitter:data1\" content=\"2 minutes\" \/>\n<script type=\"application\/ld+json\" class=\"yoast-schema-graph\">{\"@context\":\"https:\\\/\\\/schema.org\",\"@graph\":[{\"@type\":\"WebPage\",\"@id\":\"https:\\\/\\\/chefcocktail.com\\\/pieces-cocktail\\\/\",\"url\":\"https:\\\/\\\/chefcocktail.com\\\/pieces-cocktail\\\/\",\"name\":\"Pieces cocktail - Chefcocktail\",\"isPartOf\":{\"@id\":\"https:\\\/\\\/chefcocktail.com\\\/#website\"},\"primaryImageOfPage\":{\"@id\":\"https:\\\/\\\/chefcocktail.com\\\/pieces-cocktail\\\/#primaryimage\"},\"image\":{\"@id\":\"https:\\\/\\\/chefcocktail.com\\\/pieces-cocktail\\\/#primaryimage\"},\"thumbnailUrl\":\"https:\\\/\\\/chefcocktail.com\\\/wp-content\\\/uploads\\\/2025\\\/02\\\/galerie-traiteur-f.jpg\",\"datePublished\":\"2025-03-06T18:00:03+00:00\",\"dateModified\":\"2025-03-11T13:56:27+00:00\",\"breadcrumb\":{\"@id\":\"https:\\\/\\\/chefcocktail.com\\\/pieces-cocktail\\\/#breadcrumb\"},\"inLanguage\":\"en-GB\",\"potentialAction\":[{\"@type\":\"ReadAction\",\"target\":[\"https:\\\/\\\/chefcocktail.com\\\/pieces-cocktail\\\/\"]}]},{\"@type\":\"ImageObject\",\"inLanguage\":\"en-GB\",\"@id\":\"https:\\\/\\\/chefcocktail.com\\\/pieces-cocktail\\\/#primaryimage\",\"url\":\"https:\\\/\\\/chefcocktail.com\\\/wp-content\\\/uploads\\\/2025\\\/02\\\/galerie-traiteur-f.jpg\",\"contentUrl\":\"https:\\\/\\\/chefcocktail.com\\\/wp-content\\\/uploads\\\/2025\\\/02\\\/galerie-traiteur-f.jpg\"},{\"@type\":\"BreadcrumbList\",\"@id\":\"https:\\\/\\\/chefcocktail.com\\\/pieces-cocktail\\\/#breadcrumb\",\"itemListElement\":[{\"@type\":\"ListItem\",\"position\":1,\"name\":\"Home\",\"item\":\"https:\\\/\\\/chefcocktail.com\\\/\"},{\"@type\":\"ListItem\",\"position\":2,\"name\":\"Pieces cocktail\"}]},{\"@type\":\"WebSite\",\"@id\":\"https:\\\/\\\/chefcocktail.com\\\/#website\",\"url\":\"https:\\\/\\\/chefcocktail.com\\\/\",\"name\":\"Chefcocktail\",\"description\":\"Une exp\u00e9rience culinaire\",\"publisher\":{\"@id\":\"https:\\\/\\\/chefcocktail.com\\\/#organization\"},\"potentialAction\":[{\"@type\":\"SearchAction\",\"target\":{\"@type\":\"EntryPoint\",\"urlTemplate\":\"https:\\\/\\\/chefcocktail.com\\\/?s={search_term_string}\"},\"query-input\":{\"@type\":\"PropertyValueSpecification\",\"valueRequired\":true,\"valueName\":\"search_term_string\"}}],\"inLanguage\":\"en-GB\"},{\"@type\":\"Organization\",\"@id\":\"https:\\\/\\\/chefcocktail.com\\\/#organization\",\"name\":\"Chefcocktail\",\"url\":\"https:\\\/\\\/chefcocktail.com\\\/\",\"logo\":{\"@type\":\"ImageObject\",\"inLanguage\":\"en-GB\",\"@id\":\"https:\\\/\\\/chefcocktail.com\\\/#\\\/schema\\\/logo\\\/image\\\/\",\"url\":\"https:\\\/\\\/chefcocktail.com\\\/wp-content\\\/uploads\\\/2025\\\/01\\\/logo-chefcocktail.png\",\"contentUrl\":\"https:\\\/\\\/chefcocktail.com\\\/wp-content\\\/uploads\\\/2025\\\/01\\\/logo-chefcocktail.png\",\"width\":157,\"height\":157,\"caption\":\"Chefcocktail\"},\"image\":{\"@id\":\"https:\\\/\\\/chefcocktail.com\\\/#\\\/schema\\\/logo\\\/image\\\/\"},\"sameAs\":[\"https:\\\/\\\/www.facebook.com\\\/chefcocktail06\",\"https:\\\/\\\/www.youtube.com\\\/channel\\\/UC3rj5CRseDV0DqiYaXiDGSg\"]}]}<\/script>\n<!-- \/ Yoast SEO plugin. -->","yoast_head_json":{"title":"Pieces cocktail - Chefcocktail","robots":{"index":"index","follow":"follow","max-snippet":"max-snippet:-1","max-image-preview":"max-image-preview:large","max-video-preview":"max-video-preview:-1"},"canonical":"https:\/\/chefcocktail.com\/en\/pieces-cocktail\/","og_locale":"en_GB","og_type":"article","og_title":"Pieces cocktail - Chefcocktail","og_description":"Choix pi\u00e8ces cocktail C\u00f4t\u00e9 sal\u00e9 Bonbon de saumon au fromage frais et herbes fraiche Tortillas de hareng fum\u00e9, l\u00e9gumes croquant Mini burger maison au comt\u00e9 et moutarde \u00e0 l&rsquo;ancienne Sabl\u00e9 parmesan, quenelle de tapenade Pissaladi\u00e8re Toast ni\u00e7ois Cr\u00e9meux au ch\u00e8vre, crumble au thym frais Mille feuille de foie gras au pain d&rsquo;\u00e9pices Wrap de thon [&hellip;]","og_url":"https:\/\/chefcocktail.com\/en\/pieces-cocktail\/","og_site_name":"Chefcocktail","article_publisher":"https:\/\/www.facebook.com\/chefcocktail06","article_modified_time":"2025-03-11T13:56:27+00:00","og_image":[{"url":"https:\/\/chefcocktail.com\/wp-content\/uploads\/2025\/02\/galerie-traiteur-f.jpg","type":"","width":"","height":""}],"twitter_card":"summary_large_image","twitter_misc":{"Estimated reading time":"2 minutes"},"schema":{"@context":"https:\/\/schema.org","@graph":[{"@type":"WebPage","@id":"https:\/\/chefcocktail.com\/pieces-cocktail\/","url":"https:\/\/chefcocktail.com\/pieces-cocktail\/","name":"Pieces cocktail - Chefcocktail","isPartOf":{"@id":"https:\/\/chefcocktail.com\/#website"},"primaryImageOfPage":{"@id":"https:\/\/chefcocktail.com\/pieces-cocktail\/#primaryimage"},"image":{"@id":"https:\/\/chefcocktail.com\/pieces-cocktail\/#primaryimage"},"thumbnailUrl":"https:\/\/chefcocktail.com\/wp-content\/uploads\/2025\/02\/galerie-traiteur-f.jpg","datePublished":"2025-03-06T18:00:03+00:00","dateModified":"2025-03-11T13:56:27+00:00","breadcrumb":{"@id":"https:\/\/chefcocktail.com\/pieces-cocktail\/#breadcrumb"},"inLanguage":"en-GB","potentialAction":[{"@type":"ReadAction","target":["https:\/\/chefcocktail.com\/pieces-cocktail\/"]}]},{"@type":"ImageObject","inLanguage":"en-GB","@id":"https:\/\/chefcocktail.com\/pieces-cocktail\/#primaryimage","url":"https:\/\/chefcocktail.com\/wp-content\/uploads\/2025\/02\/galerie-traiteur-f.jpg","contentUrl":"https:\/\/chefcocktail.com\/wp-content\/uploads\/2025\/02\/galerie-traiteur-f.jpg"},{"@type":"BreadcrumbList","@id":"https:\/\/chefcocktail.com\/pieces-cocktail\/#breadcrumb","itemListElement":[{"@type":"ListItem","position":1,"name":"Home","item":"https:\/\/chefcocktail.com\/"},{"@type":"ListItem","position":2,"name":"Pieces cocktail"}]},{"@type":"WebSite","@id":"https:\/\/chefcocktail.com\/#website","url":"https:\/\/chefcocktail.com\/","name":"Chefcocktail","description":"Une exp\u00e9rience culinaire","publisher":{"@id":"https:\/\/chefcocktail.com\/#organization"},"potentialAction":[{"@type":"SearchAction","target":{"@type":"EntryPoint","urlTemplate":"https:\/\/chefcocktail.com\/?s={search_term_string}"},"query-input":{"@type":"PropertyValueSpecification","valueRequired":true,"valueName":"search_term_string"}}],"inLanguage":"en-GB"},{"@type":"Organization","@id":"https:\/\/chefcocktail.com\/#organization","name":"Chefcocktail","url":"https:\/\/chefcocktail.com\/","logo":{"@type":"ImageObject","inLanguage":"en-GB","@id":"https:\/\/chefcocktail.com\/#\/schema\/logo\/image\/","url":"https:\/\/chefcocktail.com\/wp-content\/uploads\/2025\/01\/logo-chefcocktail.png","contentUrl":"https:\/\/chefcocktail.com\/wp-content\/uploads\/2025\/01\/logo-chefcocktail.png","width":157,"height":157,"caption":"Chefcocktail"},"image":{"@id":"https:\/\/chefcocktail.com\/#\/schema\/logo\/image\/"},"sameAs":["https:\/\/www.facebook.com\/chefcocktail06","https:\/\/www.youtube.com\/channel\/UC3rj5CRseDV0DqiYaXiDGSg"]}]}},"_links":{"self":[{"href":"https:\/\/chefcocktail.com\/en\/wp-json\/wp\/v2\/pages\/1419","targetHints":{"allow":["GET"]}}],"collection":[{"href":"https:\/\/chefcocktail.com\/en\/wp-json\/wp\/v2\/pages"}],"about":[{"href":"https:\/\/chefcocktail.com\/en\/wp-json\/wp\/v2\/types\/page"}],"author":[{"embeddable":true,"href":"https:\/\/chefcocktail.com\/en\/wp-json\/wp\/v2\/users\/1"}],"replies":[{"embeddable":true,"href":"https:\/\/chefcocktail.com\/en\/wp-json\/wp\/v2\/comments?post=1419"}],"version-history":[{"count":40,"href":"https:\/\/chefcocktail.com\/en\/wp-json\/wp\/v2\/pages\/1419\/revisions"}],"predecessor-version":[{"id":1847,"href":"https:\/\/chefcocktail.com\/en\/wp-json\/wp\/v2\/pages\/1419\/revisions\/1847"}],"wp:attachment":[{"href":"https:\/\/chefcocktail.com\/en\/wp-json\/wp\/v2\/media?parent=1419"}],"curies":[{"name":"wp","href":"https:\/\/api.w.org\/{rel}","templated":true}]}}