{"id":3,"date":"2023-11-08T16:25:17","date_gmt":"2023-11-08T15:25:17","guid":{"rendered":"https:\/\/chefcocktail.com\/?page_id=3"},"modified":"2025-02-06T18:02:37","modified_gmt":"2025-02-06T17:02:37","slug":"politique-de-confidentialite","status":"publish","type":"page","link":"https:\/\/chefcocktail.com\/en\/politique-de-confidentialite\/","title":{"rendered":"Politique de confidentialit\u00e9"},"content":{"rendered":"<style>.elementor-3 .elementor-element.elementor-element-641b92de{--display:flex;}:root{--page-title-display:none;}<\/style>\t\t<div data-elementor-type=\"wp-page\" data-elementor-id=\"3\" class=\"elementor elementor-3\" data-elementor-post-type=\"page\">\n\t\t\t\t<div class=\"elementor-element elementor-element-641b92de e-flex e-con-boxed e-con e-parent\" data-id=\"641b92de\" data-element_type=\"container\" data-e-type=\"container\">\n\t\t\t\t\t<div class=\"e-con-inner\">\n\t\t\t\t<div class=\"elementor-element elementor-element-559d1584 elementor-widget elementor-widget-text-editor\" data-id=\"559d1584\" data-element_type=\"widget\" data-e-type=\"widget\" data-widget_type=\"text-editor.default\">\n\t\t\t\t<div class=\"elementor-widget-container\">\n\t\t\t\t\t\t\t\t\t\n<h2 class=\"wp-block-heading\"><strong>Politique de Confidentialit\u00e9 des Donn\u00e9es Personnelles<\/strong> de Chef Cocktail<\/h2>\n<p>Chez <strong>Chef Cocktail<\/strong>, nous nous engageons \u00e0 prot\u00e9ger votre vie priv\u00e9e et \u00e0 respecter la confidentialit\u00e9 de vos donn\u00e9es personnelles. Cette politique de confidentialit\u00e9 a pour objectif de vous expliquer comment nous collectons, utilisons, prot\u00e9geons et partageons vos donn\u00e9es personnelles lorsque vous utilisez notre site <a href=\"https:\/\/chefcocktail.com\/\" target=\"_new\" rel=\"noopener\">https:\/\/chefcocktail.com<\/a> et nos services (traiteur, chef \u00e0 domicile, cours de cuisine, comit\u00e9 d\u2019entreprise).<\/p>\n<p>Nous vous invitons \u00e0 lire attentivement cette politique. En utilisant notre site, vous acceptez les pratiques d\u00e9crites ci-dessous.<\/p>\n<hr \/>\n<h3><strong>1. Qui sommes-nous ?<\/strong><\/h3>\n<p>Le responsable de traitement des donn\u00e9es personnelles sur ce site est <strong>Chef Cocktail<\/strong>, une entreprise sp\u00e9cialis\u00e9e dans les services de traiteur, de chef \u00e0 domicile, de cours de cuisine et de prestations pour les comit\u00e9s d&rsquo;entreprise.<\/p>\n<ul>\n<li><strong>Nom de l&rsquo;entreprise<\/strong> : Chef Cocktail<\/li>\n<li><strong>Site web<\/strong> : <a href=\"https:\/\/chefcocktail.com\/\" target=\"_new\" rel=\"noopener\">https:\/\/chefcocktail.com<\/a><\/li>\n<li><strong>Email de contact<\/strong> : <a rel=\"noopener\">contact@chefcocktail.fr<\/a><\/li>\n<li><strong>Adresse<\/strong> : [adresse de l&rsquo;entreprise]<\/li>\n<\/ul>\n<hr \/>\n<h3><strong>2. Collecte des Donn\u00e9es Personnelles<\/strong><\/h3>\n<p>Lorsque vous utilisez notre site et nos services, nous collectons des donn\u00e9es personnelles que vous nous fournissez directement, notamment par le biais des formulaires de contact, de r\u00e9servation, d&rsquo;inscription \u00e0 nos cours, etc. Ces donn\u00e9es peuvent inclure :<\/p>\n<ul>\n<li><strong>Informations d\u2019identification<\/strong> : nom, pr\u00e9nom, adresse email, num\u00e9ro de t\u00e9l\u00e9phone<\/li>\n<li><strong>Informations sur les services demand\u00e9s<\/strong> : d\u00e9tails de la prestation (traiteur, chef \u00e0 domicile, etc.)<\/li>\n<li><strong>Informations financi\u00e8res<\/strong> : d\u00e9tails de paiement pour les services (le cas \u00e9ch\u00e9ant)<\/li>\n<li><strong>Cookies<\/strong> : nous collectons \u00e9galement des informations via des cookies, comme indiqu\u00e9 dans la section \u00ab\u00a0Cookies\u00a0\u00bb.<\/li>\n<\/ul>\n<hr \/>\n<h3><strong>3. Utilisation de vos Donn\u00e9es Personnelles<\/strong><\/h3>\n<p>Les donn\u00e9es collect\u00e9es sur notre site sont utilis\u00e9es uniquement dans le cadre de l&rsquo;ex\u00e9cution de nos services et pour am\u00e9liorer votre exp\u00e9rience utilisateur. Plus pr\u00e9cis\u00e9ment, vos donn\u00e9es peuvent \u00eatre utilis\u00e9es pour :<\/p>\n<ul>\n<li>Vous fournir les services demand\u00e9s (par exemple, r\u00e9pondre \u00e0 vos demandes de r\u00e9servation ou de devis).<\/li>\n<li>Vous informer des offres sp\u00e9ciales, promotions, ou \u00e9v\u00e9nements (sur la base de votre consentement pr\u00e9alable).<\/li>\n<li>Am\u00e9liorer nos services et analyser la mani\u00e8re dont notre site est utilis\u00e9, gr\u00e2ce \u00e0 des donn\u00e9es anonymis\u00e9es.<\/li>\n<li>G\u00e9rer la relation client (par exemple, pour le suivi des commandes ou des \u00e9v\u00e9nements).<\/li>\n<\/ul>\n<p>Nous nous engageons \u00e0 ne pas vendre, louer ou partager vos informations personnelles avec des tiers sans votre consentement, \u00e0 l&rsquo;exception des prestataires qui nous aident dans la gestion de notre site et de nos services (par exemple, h\u00e9bergeurs, services de paiement, fournisseurs de services de marketing, etc.).<\/p>\n<hr \/>\n<h3><strong>4. Cookies et Technologies Similaires<\/strong><\/h3>\n<p><strong>Qu&rsquo;est-ce qu&rsquo;un cookie ?<\/strong><\/p>\n<p>Un cookie est un petit fichier texte qui est stock\u00e9 sur votre appareil (ordinateur, tablette, smartphone) lorsque vous visitez notre site. Il nous aide \u00e0 am\u00e9liorer votre exp\u00e9rience de navigation en m\u00e9morisant vos pr\u00e9f\u00e9rences et en collectant des informations sur la fa\u00e7on dont vous interagissez avec notre site.<\/p>\n<p><strong>Cookies utilis\u00e9s sur ce site<\/strong><\/p>\n<p>Nous utilisons plusieurs types de cookies pour am\u00e9liorer la fonctionnalit\u00e9 de notre site, analyser son utilisation et vous offrir des contenus et publicit\u00e9s personnalis\u00e9s. Ces cookies sont utilis\u00e9s conform\u00e9ment \u00e0 notre <strong>Politique de Cookies<\/strong>, qui vous fournit plus d&rsquo;informations sur les types de cookies, leurs finalit\u00e9s, et comment vous pouvez g\u00e9rer ou d\u00e9sactiver les cookies.<\/p>\n<p><strong>Gestion des cookies<\/strong><\/p>\n<p>Pour plus de d\u00e9tails sur la gestion des cookies et pour g\u00e9rer vos pr\u00e9f\u00e9rences, vous pouvez consulter la <strong>banni\u00e8re de cookies<\/strong> affich\u00e9e lors de votre premi\u00e8re visite ou utiliser l&rsquo;outil de gestion des cookies disponible dans l&rsquo;extension install\u00e9e sur notre site. Cette extension vous permet de choisir de mani\u00e8re granulaire les cookies que vous souhaitez accepter.<\/p>\n<hr \/>\n<h3><strong>Gestion des pr\u00e9f\u00e9rences de cookies<\/strong><\/h3>\n<p>Vous avez la possibilit\u00e9 de g\u00e9rer vos pr\u00e9f\u00e9rences en mati\u00e8re de cookies \u00e0 tout moment, soit via la <strong>banni\u00e8re de cookies<\/strong>, soit en modifiant les param\u00e8tres de votre navigateur.<\/p>\n<hr \/>\n<h3><strong>5. Dur\u00e9e de Conservation des Donn\u00e9es<\/strong><\/h3>\n<p>Les donn\u00e9es personnelles collect\u00e9es ne sont conserv\u00e9es que pendant la dur\u00e9e n\u00e9cessaire \u00e0 la r\u00e9alisation des finalit\u00e9s pour lesquelles elles ont \u00e9t\u00e9 collect\u00e9es. En r\u00e8gle g\u00e9n\u00e9rale :<\/p>\n<ul>\n<li>Les <strong>donn\u00e9es relatives aux demandes de contact<\/strong> ou aux <strong>r\u00e9servations de services<\/strong> sont conserv\u00e9es pendant une p\u00e9riode de 3 ans maximum.<\/li>\n<li>Les <strong>donn\u00e9es li\u00e9es \u00e0 la facturation<\/strong> peuvent \u00eatre conserv\u00e9es pour une p\u00e9riode l\u00e9gale maximale de 10 ans, conform\u00e9ment \u00e0 la r\u00e9glementation fiscale.<\/li>\n<\/ul>\n<p>Si vous souhaitez supprimer ou modifier vos informations, vous pouvez exercer vos droits comme d\u00e9taill\u00e9 ci-dessous.<\/p>\n<hr \/>\n<h3><strong>6. S\u00e9curit\u00e9 des Donn\u00e9es<\/strong><\/h3>\n<p>Chef Cocktail met en place des mesures techniques et organisationnelles appropri\u00e9es pour garantir la s\u00e9curit\u00e9 de vos donn\u00e9es personnelles. Cela inclut, sans s&rsquo;y limiter, des protocoles de cryptage, des syst\u00e8mes de protection contre les acc\u00e8s non autoris\u00e9s et des restrictions d&rsquo;acc\u00e8s aux donn\u00e9es personnelles uniquement aux personnes autoris\u00e9es.<\/p>\n<hr \/>\n<h3><strong>7. Vos Droits sur vos Donn\u00e9es Personnelles<\/strong><\/h3>\n<p>Conform\u00e9ment \u00e0 la l\u00e9gislation en vigueur, vous disposez des droits suivants sur vos donn\u00e9es personnelles :<\/p>\n<ul>\n<li><strong>Droit d\u2019acc\u00e8s<\/strong> : vous avez le droit de demander une copie des donn\u00e9es personnelles que nous d\u00e9tenons \u00e0 votre sujet.<\/li>\n<li><strong>Droit de rectification<\/strong> : vous pouvez demander \u00e0 ce que vos donn\u00e9es personnelles soient corrig\u00e9es si elles sont inexactes ou incompl\u00e8tes.<\/li>\n<li><strong>Droit \u00e0 l\u2019effacement<\/strong> : vous avez le droit de demander la suppression de vos donn\u00e9es personnelles dans certaines circonstances.<\/li>\n<li><strong>Droit \u00e0 la limitation du traitement<\/strong> : vous pouvez demander \u00e0 limiter le traitement de vos donn\u00e9es personnelles dans certains cas.<\/li>\n<li><strong>Droit \u00e0 la portabilit\u00e9 des donn\u00e9es<\/strong> : vous pouvez obtenir vos donn\u00e9es personnelles dans un format structur\u00e9 et couramment utilis\u00e9, et les transmettre \u00e0 un autre responsable de traitement.<\/li>\n<li><strong>Droit d\u2019opposition<\/strong> : vous pouvez vous opposer au traitement de vos donn\u00e9es personnelles pour des motifs l\u00e9gitimes.<\/li>\n<\/ul>\n<p>Pour exercer ces droits, vous pouvez nous contacter \u00e0 l\u2019adresse suivante :<\/p>\n<ul>\n<li><strong>Email<\/strong> : <a rel=\"noopener\">contact@chefcocktail.com<\/a><\/li>\n<li><strong>Adresse postale<\/strong> : [adresse de l\u2019entreprise]<\/li>\n<\/ul>\n<p>Nous nous engageons \u00e0 traiter votre demande dans les plus brefs d\u00e9lais, conform\u00e9ment \u00e0 la l\u00e9gislation applicable.<\/p>\n<hr \/>\n<h3><strong>8. Partage des Donn\u00e9es avec des Tiers<\/strong><\/h3>\n<p>Nous pouvons \u00eatre amen\u00e9s \u00e0 partager vos donn\u00e9es personnelles avec des prestataires tiers uniquement dans le cadre de la prestation des services demand\u00e9s (par exemple, services de paiement, h\u00e9bergeurs web, etc.). Ces prestataires sont tenus par contrat de respecter la confidentialit\u00e9 et la s\u00e9curit\u00e9 de vos donn\u00e9es.<\/p>\n<p>En dehors de ces prestataires, vos donn\u00e9es ne seront ni vendues, ni \u00e9chang\u00e9es, ni partag\u00e9es avec des tiers \u00e0 des fins commerciales sans votre consentement explicite.<\/p>\n<hr \/>\n<h3><strong>9. Modifications de la Politique de Confidentialit\u00e9<\/strong><\/h3>\n<p>Chef Cocktail se r\u00e9serve le droit de modifier cette politique de confidentialit\u00e9 \u00e0 tout moment, en fonction des \u00e9volutions l\u00e9gales et des besoins d\u2019am\u00e9lioration de nos services. Les modifications seront publi\u00e9es sur cette page, avec une indication de la derni\u00e8re mise \u00e0 jour.<\/p>\n<hr \/>\n<p><strong>Derni\u00e8re mise \u00e0 jour<\/strong> : 05\/02\/2025<\/p>\n<hr \/>\n<p><strong>Contact :<\/strong><\/p>\n<p>Si vous avez des questions concernant cette politique de confidentialit\u00e9 ou si vous souhaitez exercer vos droits sur vos donn\u00e9es personnelles, n\u2019h\u00e9sitez pas \u00e0 nous contacter \u00e0 l\u2019adresse suivante :<\/p>\n<ul>\n<li><strong>Email<\/strong> : <a rel=\"noopener\">contact@chefcocktail.fr<\/a><\/li>\n<li><strong>Adresse postale<\/strong> : [adresse de l&rsquo;entreprise]<\/li>\n<\/ul>\n\t\t\t\t\t\t\t\t<\/div>\n\t\t\t\t<\/div>\n\t\t\t\t\t<\/div>\n\t\t\t\t<\/div>\n\t\t\t\t<\/div>\n\t\t","protected":false},"excerpt":{"rendered":"<p>Politique de Confidentialit\u00e9 des Donn\u00e9es Personnelles de Chef Cocktail Chez Chef Cocktail, nous nous engageons \u00e0 prot\u00e9ger votre vie priv\u00e9e et \u00e0 respecter la confidentialit\u00e9 de vos donn\u00e9es personnelles. Cette politique de confidentialit\u00e9 a pour objectif de vous expliquer comment nous collectons, utilisons, prot\u00e9geons et partageons vos donn\u00e9es personnelles lorsque vous utilisez notre site https:\/\/chefcocktail.com [&hellip;]<\/p>\n","protected":false},"author":1,"featured_media":0,"parent":0,"menu_order":0,"comment_status":"closed","ping_status":"open","template":"","meta":{"footnotes":""},"class_list":["post-3","page","type-page","status-publish","hentry"],"yoast_head":"<!-- This site is optimized with the Yoast SEO plugin v27.3 - https:\/\/yoast.com\/product\/yoast-seo-wordpress\/ -->\n<title>Politique de Confidentialit\u00e9 - Chef Cocktail<\/title>\n<meta name=\"description\" content=\"D\u00e9couvrez la politique de confidentialit\u00e9 de Chef Cocktail et la mani\u00e8re dont nous prot\u00e9geons vos donn\u00e9es personnelles conform\u00e9ment au RGPD.\" \/>\n<meta name=\"robots\" content=\"index, follow, max-snippet:-1, max-image-preview:large, max-video-preview:-1\" \/>\n<link rel=\"canonical\" href=\"https:\/\/chefcocktail.com\/en\/politique-de-confidentialite\/\" \/>\n<meta property=\"og:locale\" content=\"en_GB\" \/>\n<meta property=\"og:type\" content=\"article\" \/>\n<meta property=\"og:title\" content=\"Politique de Confidentialit\u00e9 - Chef Cocktail\" \/>\n<meta property=\"og:description\" content=\"D\u00e9couvrez la politique de confidentialit\u00e9 de Chef Cocktail et la mani\u00e8re dont nous prot\u00e9geons vos donn\u00e9es personnelles conform\u00e9ment au RGPD.\" \/>\n<meta property=\"og:url\" content=\"https:\/\/chefcocktail.com\/en\/politique-de-confidentialite\/\" \/>\n<meta property=\"og:site_name\" content=\"Chefcocktail\" \/>\n<meta property=\"article:publisher\" content=\"https:\/\/www.facebook.com\/chefcocktail06\" \/>\n<meta property=\"article:modified_time\" content=\"2025-02-06T17:02:37+00:00\" \/>\n<meta name=\"twitter:card\" content=\"summary_large_image\" \/>\n<meta name=\"twitter:label1\" content=\"Estimated reading time\" \/>\n\t<meta name=\"twitter:data1\" content=\"6 minutes\" \/>\n<script type=\"application\/ld+json\" class=\"yoast-schema-graph\">{\"@context\":\"https:\\\/\\\/schema.org\",\"@graph\":[{\"@type\":\"WebPage\",\"@id\":\"https:\\\/\\\/chefcocktail.com\\\/politique-de-confidentialite\\\/\",\"url\":\"https:\\\/\\\/chefcocktail.com\\\/politique-de-confidentialite\\\/\",\"name\":\"Politique de Confidentialit\u00e9 - Chef Cocktail\",\"isPartOf\":{\"@id\":\"https:\\\/\\\/chefcocktail.com\\\/#website\"},\"datePublished\":\"2023-11-08T15:25:17+00:00\",\"dateModified\":\"2025-02-06T17:02:37+00:00\",\"description\":\"D\u00e9couvrez la politique de confidentialit\u00e9 de Chef Cocktail et la mani\u00e8re dont nous prot\u00e9geons vos donn\u00e9es personnelles conform\u00e9ment au RGPD.\",\"breadcrumb\":{\"@id\":\"https:\\\/\\\/chefcocktail.com\\\/politique-de-confidentialite\\\/#breadcrumb\"},\"inLanguage\":\"en-GB\",\"potentialAction\":[{\"@type\":\"ReadAction\",\"target\":[\"https:\\\/\\\/chefcocktail.com\\\/politique-de-confidentialite\\\/\"]}]},{\"@type\":\"BreadcrumbList\",\"@id\":\"https:\\\/\\\/chefcocktail.com\\\/politique-de-confidentialite\\\/#breadcrumb\",\"itemListElement\":[{\"@type\":\"ListItem\",\"position\":1,\"name\":\"Home\",\"item\":\"https:\\\/\\\/chefcocktail.com\\\/\"},{\"@type\":\"ListItem\",\"position\":2,\"name\":\"Politique de confidentialit\u00e9\"}]},{\"@type\":\"WebSite\",\"@id\":\"https:\\\/\\\/chefcocktail.com\\\/#website\",\"url\":\"https:\\\/\\\/chefcocktail.com\\\/\",\"name\":\"Chefcocktail\",\"description\":\"Une exp\u00e9rience culinaire\",\"publisher\":{\"@id\":\"https:\\\/\\\/chefcocktail.com\\\/#organization\"},\"potentialAction\":[{\"@type\":\"SearchAction\",\"target\":{\"@type\":\"EntryPoint\",\"urlTemplate\":\"https:\\\/\\\/chefcocktail.com\\\/?s={search_term_string}\"},\"query-input\":{\"@type\":\"PropertyValueSpecification\",\"valueRequired\":true,\"valueName\":\"search_term_string\"}}],\"inLanguage\":\"en-GB\"},{\"@type\":\"Organization\",\"@id\":\"https:\\\/\\\/chefcocktail.com\\\/#organization\",\"name\":\"Chefcocktail\",\"url\":\"https:\\\/\\\/chefcocktail.com\\\/\",\"logo\":{\"@type\":\"ImageObject\",\"inLanguage\":\"en-GB\",\"@id\":\"https:\\\/\\\/chefcocktail.com\\\/#\\\/schema\\\/logo\\\/image\\\/\",\"url\":\"https:\\\/\\\/chefcocktail.com\\\/wp-content\\\/uploads\\\/2025\\\/01\\\/logo-chefcocktail.png\",\"contentUrl\":\"https:\\\/\\\/chefcocktail.com\\\/wp-content\\\/uploads\\\/2025\\\/01\\\/logo-chefcocktail.png\",\"width\":157,\"height\":157,\"caption\":\"Chefcocktail\"},\"image\":{\"@id\":\"https:\\\/\\\/chefcocktail.com\\\/#\\\/schema\\\/logo\\\/image\\\/\"},\"sameAs\":[\"https:\\\/\\\/www.facebook.com\\\/chefcocktail06\",\"https:\\\/\\\/www.youtube.com\\\/channel\\\/UC3rj5CRseDV0DqiYaXiDGSg\"]}]}<\/script>\n<!-- \/ Yoast SEO plugin. -->","yoast_head_json":{"title":"Politique de Confidentialit\u00e9 - Chef Cocktail","description":"D\u00e9couvrez la politique de confidentialit\u00e9 de Chef Cocktail et la mani\u00e8re dont nous prot\u00e9geons vos donn\u00e9es personnelles conform\u00e9ment au RGPD.","robots":{"index":"index","follow":"follow","max-snippet":"max-snippet:-1","max-image-preview":"max-image-preview:large","max-video-preview":"max-video-preview:-1"},"canonical":"https:\/\/chefcocktail.com\/en\/politique-de-confidentialite\/","og_locale":"en_GB","og_type":"article","og_title":"Politique de Confidentialit\u00e9 - Chef Cocktail","og_description":"D\u00e9couvrez la politique de confidentialit\u00e9 de Chef Cocktail et la mani\u00e8re dont nous prot\u00e9geons vos donn\u00e9es personnelles conform\u00e9ment au RGPD.","og_url":"https:\/\/chefcocktail.com\/en\/politique-de-confidentialite\/","og_site_name":"Chefcocktail","article_publisher":"https:\/\/www.facebook.com\/chefcocktail06","article_modified_time":"2025-02-06T17:02:37+00:00","twitter_card":"summary_large_image","twitter_misc":{"Estimated reading time":"6 minutes"},"schema":{"@context":"https:\/\/schema.org","@graph":[{"@type":"WebPage","@id":"https:\/\/chefcocktail.com\/politique-de-confidentialite\/","url":"https:\/\/chefcocktail.com\/politique-de-confidentialite\/","name":"Politique de Confidentialit\u00e9 - Chef Cocktail","isPartOf":{"@id":"https:\/\/chefcocktail.com\/#website"},"datePublished":"2023-11-08T15:25:17+00:00","dateModified":"2025-02-06T17:02:37+00:00","description":"D\u00e9couvrez la politique de confidentialit\u00e9 de Chef Cocktail et la mani\u00e8re dont nous prot\u00e9geons vos donn\u00e9es personnelles conform\u00e9ment au RGPD.","breadcrumb":{"@id":"https:\/\/chefcocktail.com\/politique-de-confidentialite\/#breadcrumb"},"inLanguage":"en-GB","potentialAction":[{"@type":"ReadAction","target":["https:\/\/chefcocktail.com\/politique-de-confidentialite\/"]}]},{"@type":"BreadcrumbList","@id":"https:\/\/chefcocktail.com\/politique-de-confidentialite\/#breadcrumb","itemListElement":[{"@type":"ListItem","position":1,"name":"Home","item":"https:\/\/chefcocktail.com\/"},{"@type":"ListItem","position":2,"name":"Politique de confidentialit\u00e9"}]},{"@type":"WebSite","@id":"https:\/\/chefcocktail.com\/#website","url":"https:\/\/chefcocktail.com\/","name":"Chefcocktail","description":"Une exp\u00e9rience culinaire","publisher":{"@id":"https:\/\/chefcocktail.com\/#organization"},"potentialAction":[{"@type":"SearchAction","target":{"@type":"EntryPoint","urlTemplate":"https:\/\/chefcocktail.com\/?s={search_term_string}"},"query-input":{"@type":"PropertyValueSpecification","valueRequired":true,"valueName":"search_term_string"}}],"inLanguage":"en-GB"},{"@type":"Organization","@id":"https:\/\/chefcocktail.com\/#organization","name":"Chefcocktail","url":"https:\/\/chefcocktail.com\/","logo":{"@type":"ImageObject","inLanguage":"en-GB","@id":"https:\/\/chefcocktail.com\/#\/schema\/logo\/image\/","url":"https:\/\/chefcocktail.com\/wp-content\/uploads\/2025\/01\/logo-chefcocktail.png","contentUrl":"https:\/\/chefcocktail.com\/wp-content\/uploads\/2025\/01\/logo-chefcocktail.png","width":157,"height":157,"caption":"Chefcocktail"},"image":{"@id":"https:\/\/chefcocktail.com\/#\/schema\/logo\/image\/"},"sameAs":["https:\/\/www.facebook.com\/chefcocktail06","https:\/\/www.youtube.com\/channel\/UC3rj5CRseDV0DqiYaXiDGSg"]}]}},"_links":{"self":[{"href":"https:\/\/chefcocktail.com\/en\/wp-json\/wp\/v2\/pages\/3","targetHints":{"allow":["GET"]}}],"collection":[{"href":"https:\/\/chefcocktail.com\/en\/wp-json\/wp\/v2\/pages"}],"about":[{"href":"https:\/\/chefcocktail.com\/en\/wp-json\/wp\/v2\/types\/page"}],"author":[{"embeddable":true,"href":"https:\/\/chefcocktail.com\/en\/wp-json\/wp\/v2\/users\/1"}],"replies":[{"embeddable":true,"href":"https:\/\/chefcocktail.com\/en\/wp-json\/wp\/v2\/comments?post=3"}],"version-history":[{"count":10,"href":"https:\/\/chefcocktail.com\/en\/wp-json\/wp\/v2\/pages\/3\/revisions"}],"predecessor-version":[{"id":991,"href":"https:\/\/chefcocktail.com\/en\/wp-json\/wp\/v2\/pages\/3\/revisions\/991"}],"wp:attachment":[{"href":"https:\/\/chefcocktail.com\/en\/wp-json\/wp\/v2\/media?parent=3"}],"curies":[{"name":"wp","href":"https:\/\/api.w.org\/{rel}","templated":true}]}}