{"id":669,"date":"2025-02-06T14:48:20","date_gmt":"2025-02-06T13:48:20","guid":{"rendered":"https:\/\/chefcocktail.com\/?page_id=669"},"modified":"2025-02-06T18:01:11","modified_gmt":"2025-02-06T17:01:11","slug":"mentions-legales","status":"publish","type":"page","link":"https:\/\/chefcocktail.com\/en\/mentions-legales\/","title":{"rendered":"Mentions l\u00e9gales"},"content":{"rendered":"<style>.elementor-669 .elementor-element.elementor-element-2944305{--display:flex;--flex-direction:column;--container-widget-width:100%;--container-widget-height:initial;--container-widget-flex-grow:0;--container-widget-align-self:initial;--flex-wrap-mobile:wrap;}.elementor-669 .elementor-element.elementor-element-16ac4bd{--spacer-size:50px;}.elementor-669 .elementor-element.elementor-element-395b60b{color:var( --e-global-color-text );}:root{--page-title-display:none;}<\/style>\t\t<div data-elementor-type=\"wp-page\" data-elementor-id=\"669\" class=\"elementor elementor-669\" data-elementor-post-type=\"page\">\n\t\t\t\t<div class=\"elementor-element elementor-element-2944305 e-flex e-con-boxed e-con e-parent\" data-id=\"2944305\" data-element_type=\"container\" data-e-type=\"container\">\n\t\t\t\t\t<div class=\"e-con-inner\">\n\t\t\t\t<div class=\"elementor-element elementor-element-16ac4bd elementor-widget elementor-widget-spacer\" data-id=\"16ac4bd\" data-element_type=\"widget\" data-e-type=\"widget\" data-widget_type=\"spacer.default\">\n\t\t\t\t<div class=\"elementor-widget-container\">\n\t\t\t\t\t\t\t<div class=\"elementor-spacer\">\n\t\t\t<div class=\"elementor-spacer-inner\"><\/div>\n\t\t<\/div>\n\t\t\t\t\t\t<\/div>\n\t\t\t\t<\/div>\n\t\t\t\t<div class=\"elementor-element elementor-element-d747c30 elementor-widget elementor-widget-heading\" data-id=\"d747c30\" data-element_type=\"widget\" data-e-type=\"widget\" data-widget_type=\"heading.default\">\n\t\t\t\t<div class=\"elementor-widget-container\">\n\t\t\t\t\t<h2 class=\"elementor-heading-title elementor-size-default\">Mentions l\u00e9gales<\/h2>\t\t\t\t<\/div>\n\t\t\t\t<\/div>\n\t\t\t\t<div class=\"elementor-element elementor-element-395b60b elementor-widget elementor-widget-text-editor\" data-id=\"395b60b\" data-element_type=\"widget\" data-e-type=\"widget\" data-widget_type=\"text-editor.default\">\n\t\t\t\t<div class=\"elementor-widget-container\">\n\t\t\t\t\t\t\t\t\t<h3>Soci\u00e9t\u00e9<\/h3><p><strong>CHEF COCKTAIL<\/strong> Adresse si\u00e8ge social : [adresse de l&rsquo;entreprise, ] Tel : [num\u00e9ro de t\u00e9l\u00e9phone de l&rsquo;entreprise] Contact : contact@chefcocktail.fr Forme juridique : [type de soci\u00e9t\u00e9] SIRET : [num\u00e9ro SIRET] RCS : [num\u00e9ro RCS] Dirigeant : No\u00ebl PICARD<\/p><h3>H\u00e9bergement du site<\/h3><p><strong>LWS &#8211; Ligne Web Services<\/strong><br \/>D\u00e9partement Tophebergement<br \/>10 rue Penthi\u00e8vre<br \/>75008 PARIS<br \/>https:\/\/www.lws.fr<\/p><hr \/><h3>Politique d\u2019utilisation des Cookies<\/h3><p>Lors de la consultation de notre site, des cookies sont d\u00e9pos\u00e9s sur votre appareil (ordinateur, mobile ou tablette). Nous utilisons ces cookies pour am\u00e9liorer votre exp\u00e9rience en ligne, vous identifier et adapter nos services \u00e0 vos besoins. Cette page vous explique comment fonctionnent les cookies et comment vous pouvez les param\u00e9trer.<\/p><p>Conform\u00e9ment aux articles 34 et 35 de la loi du 6 janvier 1978 modifi\u00e9e relative \u00e0 l\u2019informatique, aux fichiers et aux libert\u00e9s ainsi qu\u2019aux articles 32 \u00e0 35 du r\u00e8glement g\u00e9n\u00e9ral sur la protection des donn\u00e9es (RGPD), nous prenons les mesures n\u00e9cessaires pour prot\u00e9ger la confidentialit\u00e9 des informations collect\u00e9es et \u00e9viter leur divulgation \u00e0 des personnes non autoris\u00e9es. Nous nous engageons \u00e9galement \u00e0 respecter la r\u00e9glementation RGPD conform\u00e9ment \u00e0 la loi du 25 mai 2018.<\/p><h4>D\u00e9finition d\u2019un cookie<\/h4><p>Un cookie est un fichier texte qui est d\u00e9pos\u00e9 sur votre appareil lors de la visite de notre site ou de la consultation de certaines publicit\u00e9s. Il permet de collecter des informations sur votre navigation et de vous fournir des services adapt\u00e9s \u00e0 votre terminal (ordinateur, mobile ou tablette). Les cookies sont g\u00e9r\u00e9s par votre navigateur internet.<\/p><h4>Param\u00e9trer votre navigateur internet<\/h4><p>Vous avez la possibilit\u00e9 de d\u00e9sactiver les cookies \u00e0 tout moment. Votre navigateur peut aussi \u00eatre configur\u00e9 pour vous avertir chaque fois qu\u2019un cookie est d\u00e9pos\u00e9, afin de vous permettre de l\u2019accepter ou de le refuser. Vous pouvez choisir d&rsquo;accepter ou de refuser les cookies au cas par cas, ou de les refuser syst\u00e9matiquement. Toutefois, si vous configurez votre navigateur pour refuser tous les cookies, vous ne pourrez pas acc\u00e9der \u00e0 certains services n\u00e9cessitant leur utilisation. Pour g\u00e9rer les cookies en fonction de vos attentes, nous vous invitons \u00e0 param\u00e9trer votre navigateur en tenant compte des finalit\u00e9s des cookies.<\/p>\t\t\t\t\t\t\t\t<\/div>\n\t\t\t\t<\/div>\n\t\t\t\t\t<\/div>\n\t\t\t\t<\/div>\n\t\t\t\t<\/div>\n\t\t","protected":false},"excerpt":{"rendered":"<p>Mentions l\u00e9gales Soci\u00e9t\u00e9 CHEF COCKTAIL Adresse si\u00e8ge social : [adresse de l&rsquo;entreprise, ] Tel : [num\u00e9ro de t\u00e9l\u00e9phone de l&rsquo;entreprise] Contact : contact@chefcocktail.fr Forme juridique : [type de soci\u00e9t\u00e9] SIRET : [num\u00e9ro SIRET] RCS : [num\u00e9ro RCS] Dirigeant : No\u00ebl PICARD H\u00e9bergement du site LWS &#8211; Ligne Web ServicesD\u00e9partement Tophebergement10 rue Penthi\u00e8vre75008 PARIShttps:\/\/www.lws.fr Politique d\u2019utilisation [&hellip;]<\/p>\n","protected":false},"author":1,"featured_media":0,"parent":0,"menu_order":0,"comment_status":"closed","ping_status":"closed","template":"","meta":{"footnotes":""},"class_list":["post-669","page","type-page","status-publish","hentry"],"yoast_head":"<!-- This site is optimized with the Yoast SEO plugin v27.3 - https:\/\/yoast.com\/product\/yoast-seo-wordpress\/ -->\n<title>Mentions l\u00e9gales - Chef cocktail<\/title>\n<meta name=\"description\" content=\"D\u00e9couvrez les mentions l\u00e9gales de Chef Cocktail, traiteur \u00e0 domicile. Informations sur la soci\u00e9t\u00e9, les conditions d\u2019utilisation du site et la protection des donn\u00e9es.\" \/>\n<meta name=\"robots\" content=\"index, follow, max-snippet:-1, max-image-preview:large, max-video-preview:-1\" \/>\n<link rel=\"canonical\" href=\"https:\/\/chefcocktail.com\/en\/mentions-legales\/\" \/>\n<meta property=\"og:locale\" content=\"en_GB\" \/>\n<meta property=\"og:type\" content=\"article\" \/>\n<meta property=\"og:title\" content=\"Mentions l\u00e9gales - Chef cocktail\" \/>\n<meta property=\"og:description\" content=\"D\u00e9couvrez les mentions l\u00e9gales de Chef Cocktail, traiteur \u00e0 domicile. Informations sur la soci\u00e9t\u00e9, les conditions d\u2019utilisation du site et la protection des donn\u00e9es.\" \/>\n<meta property=\"og:url\" content=\"https:\/\/chefcocktail.com\/en\/mentions-legales\/\" \/>\n<meta property=\"og:site_name\" content=\"Chefcocktail\" \/>\n<meta property=\"article:publisher\" content=\"https:\/\/www.facebook.com\/chefcocktail06\" \/>\n<meta property=\"article:modified_time\" content=\"2025-02-06T17:01:11+00:00\" \/>\n<meta name=\"twitter:card\" content=\"summary_large_image\" \/>\n<meta name=\"twitter:label1\" content=\"Estimated reading time\" \/>\n\t<meta name=\"twitter:data1\" content=\"2 minutes\" \/>\n<script type=\"application\/ld+json\" class=\"yoast-schema-graph\">{\"@context\":\"https:\\\/\\\/schema.org\",\"@graph\":[{\"@type\":\"WebPage\",\"@id\":\"https:\\\/\\\/chefcocktail.com\\\/mentions-legales\\\/\",\"url\":\"https:\\\/\\\/chefcocktail.com\\\/mentions-legales\\\/\",\"name\":\"Mentions l\u00e9gales - Chef cocktail\",\"isPartOf\":{\"@id\":\"https:\\\/\\\/chefcocktail.com\\\/#website\"},\"datePublished\":\"2025-02-06T13:48:20+00:00\",\"dateModified\":\"2025-02-06T17:01:11+00:00\",\"description\":\"D\u00e9couvrez les mentions l\u00e9gales de Chef Cocktail, traiteur \u00e0 domicile. Informations sur la soci\u00e9t\u00e9, les conditions d\u2019utilisation du site et la protection des donn\u00e9es.\",\"breadcrumb\":{\"@id\":\"https:\\\/\\\/chefcocktail.com\\\/mentions-legales\\\/#breadcrumb\"},\"inLanguage\":\"en-GB\",\"potentialAction\":[{\"@type\":\"ReadAction\",\"target\":[\"https:\\\/\\\/chefcocktail.com\\\/mentions-legales\\\/\"]}]},{\"@type\":\"BreadcrumbList\",\"@id\":\"https:\\\/\\\/chefcocktail.com\\\/mentions-legales\\\/#breadcrumb\",\"itemListElement\":[{\"@type\":\"ListItem\",\"position\":1,\"name\":\"Home\",\"item\":\"https:\\\/\\\/chefcocktail.com\\\/\"},{\"@type\":\"ListItem\",\"position\":2,\"name\":\"Mentions l\u00e9gales\"}]},{\"@type\":\"WebSite\",\"@id\":\"https:\\\/\\\/chefcocktail.com\\\/#website\",\"url\":\"https:\\\/\\\/chefcocktail.com\\\/\",\"name\":\"Chefcocktail\",\"description\":\"Une exp\u00e9rience culinaire\",\"publisher\":{\"@id\":\"https:\\\/\\\/chefcocktail.com\\\/#organization\"},\"potentialAction\":[{\"@type\":\"SearchAction\",\"target\":{\"@type\":\"EntryPoint\",\"urlTemplate\":\"https:\\\/\\\/chefcocktail.com\\\/?s={search_term_string}\"},\"query-input\":{\"@type\":\"PropertyValueSpecification\",\"valueRequired\":true,\"valueName\":\"search_term_string\"}}],\"inLanguage\":\"en-GB\"},{\"@type\":\"Organization\",\"@id\":\"https:\\\/\\\/chefcocktail.com\\\/#organization\",\"name\":\"Chefcocktail\",\"url\":\"https:\\\/\\\/chefcocktail.com\\\/\",\"logo\":{\"@type\":\"ImageObject\",\"inLanguage\":\"en-GB\",\"@id\":\"https:\\\/\\\/chefcocktail.com\\\/#\\\/schema\\\/logo\\\/image\\\/\",\"url\":\"https:\\\/\\\/chefcocktail.com\\\/wp-content\\\/uploads\\\/2025\\\/01\\\/logo-chefcocktail.png\",\"contentUrl\":\"https:\\\/\\\/chefcocktail.com\\\/wp-content\\\/uploads\\\/2025\\\/01\\\/logo-chefcocktail.png\",\"width\":157,\"height\":157,\"caption\":\"Chefcocktail\"},\"image\":{\"@id\":\"https:\\\/\\\/chefcocktail.com\\\/#\\\/schema\\\/logo\\\/image\\\/\"},\"sameAs\":[\"https:\\\/\\\/www.facebook.com\\\/chefcocktail06\",\"https:\\\/\\\/www.youtube.com\\\/channel\\\/UC3rj5CRseDV0DqiYaXiDGSg\"]}]}<\/script>\n<!-- \/ Yoast SEO plugin. -->","yoast_head_json":{"title":"Mentions l\u00e9gales - Chef cocktail","description":"D\u00e9couvrez les mentions l\u00e9gales de Chef Cocktail, traiteur \u00e0 domicile. Informations sur la soci\u00e9t\u00e9, les conditions d\u2019utilisation du site et la protection des donn\u00e9es.","robots":{"index":"index","follow":"follow","max-snippet":"max-snippet:-1","max-image-preview":"max-image-preview:large","max-video-preview":"max-video-preview:-1"},"canonical":"https:\/\/chefcocktail.com\/en\/mentions-legales\/","og_locale":"en_GB","og_type":"article","og_title":"Mentions l\u00e9gales - Chef cocktail","og_description":"D\u00e9couvrez les mentions l\u00e9gales de Chef Cocktail, traiteur \u00e0 domicile. Informations sur la soci\u00e9t\u00e9, les conditions d\u2019utilisation du site et la protection des donn\u00e9es.","og_url":"https:\/\/chefcocktail.com\/en\/mentions-legales\/","og_site_name":"Chefcocktail","article_publisher":"https:\/\/www.facebook.com\/chefcocktail06","article_modified_time":"2025-02-06T17:01:11+00:00","twitter_card":"summary_large_image","twitter_misc":{"Estimated reading time":"2 minutes"},"schema":{"@context":"https:\/\/schema.org","@graph":[{"@type":"WebPage","@id":"https:\/\/chefcocktail.com\/mentions-legales\/","url":"https:\/\/chefcocktail.com\/mentions-legales\/","name":"Mentions l\u00e9gales - Chef cocktail","isPartOf":{"@id":"https:\/\/chefcocktail.com\/#website"},"datePublished":"2025-02-06T13:48:20+00:00","dateModified":"2025-02-06T17:01:11+00:00","description":"D\u00e9couvrez les mentions l\u00e9gales de Chef Cocktail, traiteur \u00e0 domicile. Informations sur la soci\u00e9t\u00e9, les conditions d\u2019utilisation du site et la protection des donn\u00e9es.","breadcrumb":{"@id":"https:\/\/chefcocktail.com\/mentions-legales\/#breadcrumb"},"inLanguage":"en-GB","potentialAction":[{"@type":"ReadAction","target":["https:\/\/chefcocktail.com\/mentions-legales\/"]}]},{"@type":"BreadcrumbList","@id":"https:\/\/chefcocktail.com\/mentions-legales\/#breadcrumb","itemListElement":[{"@type":"ListItem","position":1,"name":"Home","item":"https:\/\/chefcocktail.com\/"},{"@type":"ListItem","position":2,"name":"Mentions l\u00e9gales"}]},{"@type":"WebSite","@id":"https:\/\/chefcocktail.com\/#website","url":"https:\/\/chefcocktail.com\/","name":"Chefcocktail","description":"Une exp\u00e9rience culinaire","publisher":{"@id":"https:\/\/chefcocktail.com\/#organization"},"potentialAction":[{"@type":"SearchAction","target":{"@type":"EntryPoint","urlTemplate":"https:\/\/chefcocktail.com\/?s={search_term_string}"},"query-input":{"@type":"PropertyValueSpecification","valueRequired":true,"valueName":"search_term_string"}}],"inLanguage":"en-GB"},{"@type":"Organization","@id":"https:\/\/chefcocktail.com\/#organization","name":"Chefcocktail","url":"https:\/\/chefcocktail.com\/","logo":{"@type":"ImageObject","inLanguage":"en-GB","@id":"https:\/\/chefcocktail.com\/#\/schema\/logo\/image\/","url":"https:\/\/chefcocktail.com\/wp-content\/uploads\/2025\/01\/logo-chefcocktail.png","contentUrl":"https:\/\/chefcocktail.com\/wp-content\/uploads\/2025\/01\/logo-chefcocktail.png","width":157,"height":157,"caption":"Chefcocktail"},"image":{"@id":"https:\/\/chefcocktail.com\/#\/schema\/logo\/image\/"},"sameAs":["https:\/\/www.facebook.com\/chefcocktail06","https:\/\/www.youtube.com\/channel\/UC3rj5CRseDV0DqiYaXiDGSg"]}]}},"_links":{"self":[{"href":"https:\/\/chefcocktail.com\/en\/wp-json\/wp\/v2\/pages\/669","targetHints":{"allow":["GET"]}}],"collection":[{"href":"https:\/\/chefcocktail.com\/en\/wp-json\/wp\/v2\/pages"}],"about":[{"href":"https:\/\/chefcocktail.com\/en\/wp-json\/wp\/v2\/types\/page"}],"author":[{"embeddable":true,"href":"https:\/\/chefcocktail.com\/en\/wp-json\/wp\/v2\/users\/1"}],"replies":[{"embeddable":true,"href":"https:\/\/chefcocktail.com\/en\/wp-json\/wp\/v2\/comments?post=669"}],"version-history":[{"count":7,"href":"https:\/\/chefcocktail.com\/en\/wp-json\/wp\/v2\/pages\/669\/revisions"}],"predecessor-version":[{"id":677,"href":"https:\/\/chefcocktail.com\/en\/wp-json\/wp\/v2\/pages\/669\/revisions\/677"}],"wp:attachment":[{"href":"https:\/\/chefcocktail.com\/en\/wp-json\/wp\/v2\/media?parent=669"}],"curies":[{"name":"wp","href":"https:\/\/api.w.org\/{rel}","templated":true}]}}